{"id":70,"date":"2013-01-25T02:52:01","date_gmt":"2013-01-25T01:52:01","guid":{"rendered":"http:\/\/cirt.ec-lyon.fr\/?page_id=70"},"modified":"2013-03-07T15:20:20","modified_gmt":"2013-03-07T14:20:20","slug":"presentation-du-cirt","status":"publish","type":"page","link":"https:\/\/cirt.ec-lyon.fr\/","title":{"rendered":"Pr\u00e9sentation du CIRT"},"content":{"rendered":"<p>Le Consortium Industrie-Recherche en Turbomachine ou CIRT, cr\u00e9\u00e9 en 1997, est l\u2019endroit par excellence o\u00f9 les entreprises et les organismes de recherche travaillant sur les Turbomachines peuvent mutualiser leurs efforts.<\/p>\n<p>Ils peuvent conduire ensemble des \u00e9tudes g\u00e9n\u00e9riques qui contribuent \u00e0 une meilleure compr\u00e9hension de ph\u00e9nom\u00e8nes physiques tr\u00e8s complexes, souvent coupl\u00e9s, qui interviennent dans le fonctionnement de ces machines.<\/p>\n<p>Les activit\u00e9s de ce p\u00f4le de comp\u00e9tence couvrent la m\u00e9canique des fluides, la m\u00e9canique des solides et des mat\u00e9riaux, le couplage entre fluides et structures, l\u2019acoustique et l\u2019\u00e9nerg\u00e9tique.<\/p>\n<p>Les laboratoires participant d\u00e9ploient une expertise reconnue dans toutes ces disciplines. Les membres industriels du CIRT produisent des Turbomachines pour les divers domaines d\u2019application (A\u00e9ronautique, Spatial, Energie, Ventilation&#8230;).<\/p>\n<div style=\"clear:both;\"><\/div>","protected":false},"excerpt":{"rendered":"<p>Le Consortium Industrie-Recherche en Turbomachine ou CIRT, cr\u00e9\u00e9 en 1997, est l\u2019endroit par excellence o\u00f9 les entreprises et les organismes de recherche travaillant sur les Turbomachines peuvent mutualiser leurs efforts. Ils peuvent conduire ensemble des \u00e9tudes g\u00e9n\u00e9riques qui contribuent \u00e0 &hellip; <a href=\"https:\/\/cirt.ec-lyon.fr\/\">Continuer la lecture <span class=\"meta-nav\">&rarr;<\/span><\/a><\/p>\n","protected":false},"author":1,"featured_media":0,"parent":0,"menu_order":0,"comment_status":"closed","ping_status":"open","template":"sidebar-page.php","meta":[],"_links":{"self":[{"href":"https:\/\/cirt.ec-lyon.fr\/index.php?rest_route=\/wp\/v2\/pages\/70"}],"collection":[{"href":"https:\/\/cirt.ec-lyon.fr\/index.php?rest_route=\/wp\/v2\/pages"}],"about":[{"href":"https:\/\/cirt.ec-lyon.fr\/index.php?rest_route=\/wp\/v2\/types\/page"}],"author":[{"embeddable":true,"href":"https:\/\/cirt.ec-lyon.fr\/index.php?rest_route=\/wp\/v2\/users\/1"}],"replies":[{"embeddable":true,"href":"https:\/\/cirt.ec-lyon.fr\/index.php?rest_route=%2Fwp%2Fv2%2Fcomments&post=70"}],"version-history":[{"count":3,"href":"https:\/\/cirt.ec-lyon.fr\/index.php?rest_route=\/wp\/v2\/pages\/70\/revisions"}],"predecessor-version":[{"id":422,"href":"https:\/\/cirt.ec-lyon.fr\/index.php?rest_route=\/wp\/v2\/pages\/70\/revisions\/422"}],"wp:attachment":[{"href":"https:\/\/cirt.ec-lyon.fr\/index.php?rest_route=%2Fwp%2Fv2%2Fmedia&parent=70"}],"curies":[{"name":"wp","href":"https:\/\/api.w.org\/{rel}","templated":true}]}}